{"id":73220,"date":"2026-02-05T14:16:55","date_gmt":"2026-02-05T19:16:55","guid":{"rendered":"https:\/\/iglesiapalabrapura.com\/site\/?post_type=product&#038;p=73220"},"modified":"2026-02-05T15:20:39","modified_gmt":"2026-02-05T20:20:39","slug":"david-libro-en-ingles","status":"publish","type":"product","link":"https:\/\/iglesiapalabrapura.com\/site\/product\/david-libro-en-ingles\/","title":{"rendered":"David Libro en ingles"},"content":{"rendered":"","protected":false},"excerpt":{"rendered":"<p>Entretenidas historias bellamente ilustradas y especialmente adaptadas para los m\u00e1s peque\u00f1os. Cada uno narra la vida de diferentes personajes b\u00edblicos, a trav\u00e9s de los cuales los ni\u00f1os aprender\u00e1n los mayores valores<\/p>\n","protected":false},"featured_media":73221,"comment_status":"open","ping_status":"closed","template":"","meta":[],"product_cat":[264,1167,1158],"product_tag":[1269,362,192],"class_list":{"0":"post-73220","1":"product","2":"type-product","3":"status-publish","4":"has-post-thumbnail","6":"product_cat-infantil","7":"product_cat-ninos","8":"product_cat-por-temas","9":"product_tag-david-libro-en-ingles","10":"product_tag-libros","11":"product_tag-ninos","13":"first","14":"instock","15":"shipping-taxable","16":"purchasable","17":"product-type-simple"},"_links":{"self":[{"href":"https:\/\/iglesiapalabrapura.com\/site\/wp-json\/wp\/v2\/product\/73220","targetHints":{"allow":["GET"]}}],"collection":[{"href":"https:\/\/iglesiapalabrapura.com\/site\/wp-json\/wp\/v2\/product"}],"about":[{"href":"https:\/\/iglesiapalabrapura.com\/site\/wp-json\/wp\/v2\/types\/product"}],"replies":[{"embeddable":true,"href":"https:\/\/iglesiapalabrapura.com\/site\/wp-json\/wp\/v2\/comments?post=73220"}],"wp:featuredmedia":[{"embeddable":true,"href":"https:\/\/iglesiapalabrapura.com\/site\/wp-json\/wp\/v2\/media\/73221"}],"wp:attachment":[{"href":"https:\/\/iglesiapalabrapura.com\/site\/wp-json\/wp\/v2\/media?parent=73220"}],"wp:term":[{"taxonomy":"product_cat","embeddable":true,"href":"https:\/\/iglesiapalabrapura.com\/site\/wp-json\/wp\/v2\/product_cat?post=73220"},{"taxonomy":"product_tag","embeddable":true,"href":"https:\/\/iglesiapalabrapura.com\/site\/wp-json\/wp\/v2\/product_tag?post=73220"}],"curies":[{"name":"wp","href":"https:\/\/api.w.org\/{rel}","templated":true}]}}