{"id":73222,"date":"2026-02-05T14:20:36","date_gmt":"2026-02-05T19:20:36","guid":{"rendered":"https:\/\/iglesiapalabrapura.com\/site\/?post_type=product&#038;p=73222"},"modified":"2026-02-05T15:20:11","modified_gmt":"2026-02-05T20:20:11","slug":"el-mesias-historietas-manga","status":"publish","type":"product","link":"https:\/\/iglesiapalabrapura.com\/site\/product\/el-mesias-historietas-manga\/","title":{"rendered":"El Mes\u00edas Historietas Manga"},"content":{"rendered":"","protected":false},"excerpt":{"rendered":"<p>Manga es la palabra japonesa para dibujo o historieta. Se ha convertido en un gran \u00e9xito mundial entre los adolescentes y j\u00f3venes. Manga ha emergido como la categor\u00eda m\u00e1s popular de c\u00f3mic o novela gr\u00e1fica y es uno de los g\u00e9neros de crecimiento m\u00e1s r\u00e1pido entre las publicaciones estadounidenses. Atractiva para ni\u00f1os y adultos, los lectores encontrar\u00e1n tanto absorbente como muy atrayente esta audaz interpretaci\u00f3n de las historias de los Evangelios. Este estilo de arte aut\u00e9ntico y vanguardista se combina con el recuento vertiginoso para presentar las verdades b\u00edblicas a una cultura siempre cambiante que a menudo es un reto poder penetrar.<\/p>\n","protected":false},"featured_media":73223,"comment_status":"open","ping_status":"closed","template":"","meta":[],"product_cat":[264,1167,1158],"product_tag":[1270,362,192],"class_list":{"0":"post-73222","1":"product","2":"type-product","3":"status-publish","4":"has-post-thumbnail","6":"product_cat-infantil","7":"product_cat-ninos","8":"product_cat-por-temas","9":"product_tag-el-mesias-historietas-manga","10":"product_tag-libros","11":"product_tag-ninos","13":"first","14":"instock","15":"shipping-taxable","16":"purchasable","17":"product-type-simple"},"_links":{"self":[{"href":"https:\/\/iglesiapalabrapura.com\/site\/wp-json\/wp\/v2\/product\/73222","targetHints":{"allow":["GET"]}}],"collection":[{"href":"https:\/\/iglesiapalabrapura.com\/site\/wp-json\/wp\/v2\/product"}],"about":[{"href":"https:\/\/iglesiapalabrapura.com\/site\/wp-json\/wp\/v2\/types\/product"}],"replies":[{"embeddable":true,"href":"https:\/\/iglesiapalabrapura.com\/site\/wp-json\/wp\/v2\/comments?post=73222"}],"wp:featuredmedia":[{"embeddable":true,"href":"https:\/\/iglesiapalabrapura.com\/site\/wp-json\/wp\/v2\/media\/73223"}],"wp:attachment":[{"href":"https:\/\/iglesiapalabrapura.com\/site\/wp-json\/wp\/v2\/media?parent=73222"}],"wp:term":[{"taxonomy":"product_cat","embeddable":true,"href":"https:\/\/iglesiapalabrapura.com\/site\/wp-json\/wp\/v2\/product_cat?post=73222"},{"taxonomy":"product_tag","embeddable":true,"href":"https:\/\/iglesiapalabrapura.com\/site\/wp-json\/wp\/v2\/product_tag?post=73222"}],"curies":[{"name":"wp","href":"https:\/\/api.w.org\/{rel}","templated":true}]}}