{"id":73226,"date":"2026-02-05T14:28:01","date_gmt":"2026-02-05T19:28:01","guid":{"rendered":"https:\/\/iglesiapalabrapura.com\/site\/?post_type=product&#038;p=73226"},"modified":"2026-02-05T14:32:34","modified_gmt":"2026-02-05T19:32:34","slug":"biblia-nvi-con-referencias-roja-oscura-referencia-holman","status":"publish","type":"product","link":"https:\/\/iglesiapalabrapura.com\/site\/product\/biblia-nvi-con-referencias-roja-oscura-referencia-holman\/","title":{"rendered":"Biblia NVI Con referencias Roja oscura referencia Holman"},"content":{"rendered":"","protected":false},"excerpt":{"rendered":"<p data-start=\"172\" data-end=\"419\">Esta Biblia combina un <strong data-start=\"195\" data-end=\"223\">dise\u00f1o altamente legible<\/strong> con un <strong data-start=\"231\" data-end=\"250\">tama\u00f1o compacto<\/strong>, ideal para acompa\u00f1arte a donde vayas. Su tipograf\u00eda, creada especialmente por <strong data-start=\"330\" data-end=\"348\">Biblias Holman<\/strong>, la convierte en <strong data-start=\"366\" data-end=\"418\">una de las Biblias compactas m\u00e1s f\u00e1ciles de leer<\/strong>.<\/p>\n<p data-start=\"421\" data-end=\"571\">Con el texto de la <strong data-start=\"440\" data-end=\"454\">Biblia NVI<\/strong>, la traducci\u00f3n contempor\u00e1nea m\u00e1s reconocida en espa\u00f1ol, podr\u00e1s <strong data-start=\"518\" data-end=\"570\">experimentar la Palabra de Dios como nunca antes<\/strong>.<\/p>\n<h3 data-start=\"578\" data-end=\"615\"><strong data-start=\"584\" data-end=\"615\">Caracter\u00edsticas destacadas:<\/strong><\/h3>\n<ul data-start=\"616\" data-end=\"943\">\n<li data-start=\"616\" data-end=\"641\">\n<p data-start=\"618\" data-end=\"641\">Referencias en cadena<\/p>\n<\/li>\n<li data-start=\"642\" data-end=\"658\">\n<p data-start=\"644\" data-end=\"658\">Concordancia<\/p>\n<\/li>\n<li data-start=\"659\" data-end=\"694\">\n<p data-start=\"661\" data-end=\"694\">Panorama hist\u00f3rico de la Biblia<\/p>\n<\/li>\n<li data-start=\"695\" data-end=\"720\">\n<p data-start=\"697\" data-end=\"720\">Plan de lectura anual<\/p>\n<\/li>\n<li data-start=\"721\" data-end=\"751\">\n<p data-start=\"723\" data-end=\"751\">Buenas nuevas de salvaci\u00f3n<\/p>\n<\/li>\n<li data-start=\"752\" data-end=\"793\">\n<p data-start=\"754\" data-end=\"793\">Introducci\u00f3n y bosquejo de cada libro<\/p>\n<\/li>\n<li data-start=\"794\" data-end=\"823\">\n<p data-start=\"796\" data-end=\"823\">Armon\u00eda de los Evangelios<\/p>\n<\/li>\n<li data-start=\"824\" data-end=\"846\">\n<p data-start=\"826\" data-end=\"846\">Mapas a todo color<\/p>\n<\/li>\n<li data-start=\"847\" data-end=\"869\">\n<p data-start=\"849\" data-end=\"869\">Atributos de Jes\u00fas<\/p>\n<\/li>\n<li data-start=\"870\" data-end=\"918\">\n<p data-start=\"872\" data-end=\"918\">Palabras de aliento para tu caminar con Dios<\/p>\n<\/li>\n<li data-start=\"919\" data-end=\"943\">\n<p data-start=\"921\" data-end=\"943\">Glosario de t\u00e9rminos<\/p>\n<\/li>\n<\/ul>\n","protected":false},"featured_media":73227,"comment_status":"open","ping_status":"closed","template":"","meta":[],"product_cat":[55,1156],"product_tag":[191,1271,1272,1273],"class_list":{"0":"post-73226","1":"product","2":"type-product","3":"status-publish","4":"has-post-thumbnail","6":"product_cat-biblias","7":"product_cat-nvi","8":"product_tag-biblia","9":"product_tag-biblia-nvi-con-referencias-roja-oscura-referencia-holman","10":"product_tag-nvi","11":"product_tag-referencia-holman","13":"first","14":"instock","15":"shipping-taxable","16":"purchasable","17":"product-type-simple"},"_links":{"self":[{"href":"https:\/\/iglesiapalabrapura.com\/site\/wp-json\/wp\/v2\/product\/73226","targetHints":{"allow":["GET"]}}],"collection":[{"href":"https:\/\/iglesiapalabrapura.com\/site\/wp-json\/wp\/v2\/product"}],"about":[{"href":"https:\/\/iglesiapalabrapura.com\/site\/wp-json\/wp\/v2\/types\/product"}],"replies":[{"embeddable":true,"href":"https:\/\/iglesiapalabrapura.com\/site\/wp-json\/wp\/v2\/comments?post=73226"}],"wp:featuredmedia":[{"embeddable":true,"href":"https:\/\/iglesiapalabrapura.com\/site\/wp-json\/wp\/v2\/media\/73227"}],"wp:attachment":[{"href":"https:\/\/iglesiapalabrapura.com\/site\/wp-json\/wp\/v2\/media?parent=73226"}],"wp:term":[{"taxonomy":"product_cat","embeddable":true,"href":"https:\/\/iglesiapalabrapura.com\/site\/wp-json\/wp\/v2\/product_cat?post=73226"},{"taxonomy":"product_tag","embeddable":true,"href":"https:\/\/iglesiapalabrapura.com\/site\/wp-json\/wp\/v2\/product_tag?post=73226"}],"curies":[{"name":"wp","href":"https:\/\/api.w.org\/{rel}","templated":true}]}}