{"id":73228,"date":"2026-02-05T14:36:39","date_gmt":"2026-02-05T19:36:39","guid":{"rendered":"https:\/\/iglesiapalabrapura.com\/site\/?post_type=product&#038;p=73228"},"modified":"2026-02-05T14:40:09","modified_gmt":"2026-02-05T19:40:09","slug":"libro-honra-mas-alla-de-todo","status":"publish","type":"product","link":"https:\/\/iglesiapalabrapura.com\/site\/product\/libro-honra-mas-alla-de-todo\/","title":{"rendered":"Libro Honra m\u00e1s all\u00e1 de todo"},"content":{"rendered":"","protected":false},"excerpt":{"rendered":"<p>Una persona no puede prosperar ni alcanzar su m\u00e1ximo potencial en un ambiente de deshonra. Incluso Jes\u00fas estaba limitado en lo que pod\u00eda hacer en su ciudad natal debido a la falta de honra. La honra es esencial, pero no es autom\u00e1tica. Debe ser ense\u00f1ada por precepto y ejemplo. No solo se debe ense\u00f1ar el significado y el valor de la honra, sino tambi\u00e9n las bendiciones y recompensas. La honra siempre le costar\u00e1 algo. Puede respetar con palabras, pero debe honrar con sustancia.<\/p>\n","protected":false},"featured_media":73229,"comment_status":"open","ping_status":"closed","template":"","meta":[],"product_cat":[54,1175,1171,1158,1159],"product_tag":[1274,69,332],"class_list":{"0":"post-73228","1":"product","2":"type-product","3":"status-publish","4":"has-post-thumbnail","6":"product_cat-libros","7":"product_cat-mark-hankins","8":"product_cat-por-autor","9":"product_cat-por-temas","10":"product_cat-vida-cristiana","11":"product_tag-honra-mas-alla-de-todo","12":"product_tag-libro","13":"product_tag-mark-hankins","15":"first","16":"instock","17":"shipping-taxable","18":"purchasable","19":"product-type-simple"},"_links":{"self":[{"href":"https:\/\/iglesiapalabrapura.com\/site\/wp-json\/wp\/v2\/product\/73228","targetHints":{"allow":["GET"]}}],"collection":[{"href":"https:\/\/iglesiapalabrapura.com\/site\/wp-json\/wp\/v2\/product"}],"about":[{"href":"https:\/\/iglesiapalabrapura.com\/site\/wp-json\/wp\/v2\/types\/product"}],"replies":[{"embeddable":true,"href":"https:\/\/iglesiapalabrapura.com\/site\/wp-json\/wp\/v2\/comments?post=73228"}],"wp:featuredmedia":[{"embeddable":true,"href":"https:\/\/iglesiapalabrapura.com\/site\/wp-json\/wp\/v2\/media\/73229"}],"wp:attachment":[{"href":"https:\/\/iglesiapalabrapura.com\/site\/wp-json\/wp\/v2\/media?parent=73228"}],"wp:term":[{"taxonomy":"product_cat","embeddable":true,"href":"https:\/\/iglesiapalabrapura.com\/site\/wp-json\/wp\/v2\/product_cat?post=73228"},{"taxonomy":"product_tag","embeddable":true,"href":"https:\/\/iglesiapalabrapura.com\/site\/wp-json\/wp\/v2\/product_tag?post=73228"}],"curies":[{"name":"wp","href":"https:\/\/api.w.org\/{rel}","templated":true}]}}