{"id":73242,"date":"2026-02-09T08:32:14","date_gmt":"2026-02-09T13:32:14","guid":{"rendered":"https:\/\/iglesiapalabrapura.com\/site\/?post_type=product&#038;p=73242"},"modified":"2026-02-09T08:36:35","modified_gmt":"2026-02-09T13:36:35","slug":"el-poder-para-prosperar-en-tiempos-dificiles","status":"publish","type":"product","link":"https:\/\/iglesiapalabrapura.com\/site\/product\/el-poder-para-prosperar-en-tiempos-dificiles\/","title":{"rendered":"El Poder para Prosperar en Tiempos Dif\u00edciles"},"content":{"rendered":"","protected":false},"excerpt":{"rendered":"<p>El sistema financiero del mundo siempre ha sido extremadamente inestable. La inflaci\u00f3n, la recesi\u00f3n y la depresi\u00f3n son amenazas constantes. La buena noticia es que no tienes que depender de la econom\u00eda mundial. Los creyentes participamos de un sistema diferente. Podemos ir a nuestro Dios por provisi\u00f3n, y Sus bodegas est\u00e1n siempre bien surtidas, rebosantes de abundancia todo el tiempo.<\/p>\n<p>\u00bfSer\u00e1 cierto que puedes aprovechar la abundancia del cielo mientras vives aqu\u00ed en la tierra? S\u00cd, y esta poderosa gu\u00eda de 90 d\u00edas te ayudar\u00e1 a hacerlo.<\/p>\n<p>Al deleitarte diariamente en escrituras que edificar\u00e1n tu fe y ense\u00f1anzas inspiradoras, tu confianza en el deseo de Dios de BENDICIRTE financieramente aumentar\u00e1 exponencialmente. Descubrir\u00e1s como nunca antes que Dios tiene un flujo interminable de aumento para ti. Leer\u00e1s ejemplos inspiradores de la vida real; c\u00f3mo Dios ha prosperado a otros en situaciones imposibles, y c\u00f3mo \u00c9l ha prometido hacer lo mismo por ti.<\/p>\n","protected":false},"featured_media":73243,"comment_status":"open","ping_status":"closed","template":"","meta":[],"product_cat":[1163,54,1158],"product_tag":[1276,599,97,69],"class_list":{"0":"post-73242","1":"product","2":"type-product","3":"status-publish","4":"has-post-thumbnail","6":"product_cat-finanzas-por-temas","7":"product_cat-libros","8":"product_cat-por-temas","9":"product_tag-el-poder-para-prosperar-en-tiempos-dificiles","10":"product_tag-finanzas","11":"product_tag-kenneth-copeland","12":"product_tag-libro","14":"first","15":"instock","16":"shipping-taxable","17":"purchasable","18":"product-type-simple"},"_links":{"self":[{"href":"https:\/\/iglesiapalabrapura.com\/site\/wp-json\/wp\/v2\/product\/73242","targetHints":{"allow":["GET"]}}],"collection":[{"href":"https:\/\/iglesiapalabrapura.com\/site\/wp-json\/wp\/v2\/product"}],"about":[{"href":"https:\/\/iglesiapalabrapura.com\/site\/wp-json\/wp\/v2\/types\/product"}],"replies":[{"embeddable":true,"href":"https:\/\/iglesiapalabrapura.com\/site\/wp-json\/wp\/v2\/comments?post=73242"}],"wp:featuredmedia":[{"embeddable":true,"href":"https:\/\/iglesiapalabrapura.com\/site\/wp-json\/wp\/v2\/media\/73243"}],"wp:attachment":[{"href":"https:\/\/iglesiapalabrapura.com\/site\/wp-json\/wp\/v2\/media?parent=73242"}],"wp:term":[{"taxonomy":"product_cat","embeddable":true,"href":"https:\/\/iglesiapalabrapura.com\/site\/wp-json\/wp\/v2\/product_cat?post=73242"},{"taxonomy":"product_tag","embeddable":true,"href":"https:\/\/iglesiapalabrapura.com\/site\/wp-json\/wp\/v2\/product_tag?post=73242"}],"curies":[{"name":"wp","href":"https:\/\/api.w.org\/{rel}","templated":true}]}}