{"id":73244,"date":"2026-02-09T08:36:58","date_gmt":"2026-02-09T13:36:58","guid":{"rendered":"https:\/\/iglesiapalabrapura.com\/site\/?post_type=product&#038;p=73244"},"modified":"2026-02-09T08:40:13","modified_gmt":"2026-02-09T13:40:13","slug":"quebrando-la-intimidacion","status":"publish","type":"product","link":"https:\/\/iglesiapalabrapura.com\/site\/product\/quebrando-la-intimidacion\/","title":{"rendered":"Quebrando la Intimidaci\u00f3n"},"content":{"rendered":"","protected":false},"excerpt":{"rendered":"<p>Este libro pone de manifiesto a la intimidaci\u00f3n, quiebra su control temerario y le ense\u00f1a a liberar los dones de Dios, estableciendo el control del Se\u00f1or. El autor nos ense\u00f1a a librarnos de los miedos a la manera de Dios.<\/p>\n<p>C\u00f3mo vencer el temor y liberar los dones de Dios en tu vida.<\/p>\n<p>\u00b7 \u00bfTe es duro decir no?<br \/>\n\u00b7 \u00bfTe atemoriza la confrontaci\u00f3n?<br \/>\n\u00b7 \u00bfEst\u00e1s comprometido a resolver los conflictos?<br \/>\n\u00b7 \u00bfEst\u00e1n tus decisiones fundamentadas en complacer a otros?<br \/>\n\u00b7 \u00bfEs otra gente la que controla tu vida?<\/p>\n<p>Si respondiste que \u201cs\u00ed\u201d a cualquiera de las preguntas anteriores, Quebrando la intimidaci\u00f3n, es para ti. Este libro pone de manifiesto a la intimidaci\u00f3n, quiebra su control temerario y te ense\u00f1a a liberar los dones de Dios, estableciendo el dominio del Se\u00f1or en tu vida. Es tiempo de ser libre de sus trampas y vencer sus efectos de depresi\u00f3n, desesperanza y confusi\u00f3n. \u00a1No permitas que el temor te persiga!<\/p>\n<p>Este libro pone de manifiesto a la intimidaci\u00f3n, quiebra su control temerario y le ense\u00f1a a liberar los dones de Dios, estableciendo el control del Se\u00f1or. El autor nos ense\u00f1a a librarnos de los miedos a la manera de Dios<\/p>\n","protected":false},"featured_media":73245,"comment_status":"open","ping_status":"closed","template":"","meta":[],"product_cat":[54,1158,1159],"product_tag":[531,69,1278,1277],"class_list":{"0":"post-73244","1":"product","2":"type-product","3":"status-publish","4":"has-post-thumbnail","6":"product_cat-libros","7":"product_cat-por-temas","8":"product_cat-vida-cristiana","9":"product_tag-john-bevere","10":"product_tag-libro","11":"product_tag-quebrando-la-intimidacion","12":"product_tag-vida-cristiana","14":"first","15":"instock","16":"shipping-taxable","17":"purchasable","18":"product-type-simple"},"_links":{"self":[{"href":"https:\/\/iglesiapalabrapura.com\/site\/wp-json\/wp\/v2\/product\/73244","targetHints":{"allow":["GET"]}}],"collection":[{"href":"https:\/\/iglesiapalabrapura.com\/site\/wp-json\/wp\/v2\/product"}],"about":[{"href":"https:\/\/iglesiapalabrapura.com\/site\/wp-json\/wp\/v2\/types\/product"}],"replies":[{"embeddable":true,"href":"https:\/\/iglesiapalabrapura.com\/site\/wp-json\/wp\/v2\/comments?post=73244"}],"wp:featuredmedia":[{"embeddable":true,"href":"https:\/\/iglesiapalabrapura.com\/site\/wp-json\/wp\/v2\/media\/73245"}],"wp:attachment":[{"href":"https:\/\/iglesiapalabrapura.com\/site\/wp-json\/wp\/v2\/media?parent=73244"}],"wp:term":[{"taxonomy":"product_cat","embeddable":true,"href":"https:\/\/iglesiapalabrapura.com\/site\/wp-json\/wp\/v2\/product_cat?post=73244"},{"taxonomy":"product_tag","embeddable":true,"href":"https:\/\/iglesiapalabrapura.com\/site\/wp-json\/wp\/v2\/product_tag?post=73244"}],"curies":[{"name":"wp","href":"https:\/\/api.w.org\/{rel}","templated":true}]}}