{"id":73307,"date":"2026-03-02T15:01:01","date_gmt":"2026-03-02T20:01:01","guid":{"rendered":"https:\/\/iglesiapalabrapura.com\/site\/?post_type=product&#038;p=73307"},"modified":"2026-03-02T15:04:48","modified_gmt":"2026-03-02T20:04:48","slug":"el-poder-de-las-escrituras","status":"publish","type":"product","link":"https:\/\/iglesiapalabrapura.com\/site\/product\/el-poder-de-las-escrituras\/","title":{"rendered":"El Poder de las Escrituras"},"content":{"rendered":"","protected":false},"excerpt":{"rendered":"<p>Cuando Spurgeon habla de las Escrituras, ser\u00eda prudente escucharlo. El gran predicador londinense Charles Haddon Spurgeon tuvo mucho que decir durante sus cuatro d\u00e9cadas de ministerio en el Tabern\u00e1culo Metropolitano. Y m\u00e1s all\u00e1 de su poderosa voz, la pluma de Spurgeon produjo innumerables palabras de interpretaci\u00f3n b\u00edblica y sabidur\u00eda cristiana. Estas palabras todav\u00eda pueden animarnos hoy en d\u00eda. Nada motivaba m\u00e1s a Spurgeon que proclamar las Sagradas Escrituras. Su amor por la Biblia te animar\u00e1 a ti tambi\u00e9n.<\/p>\n<p>&nbsp;<\/p>\n","protected":false},"featured_media":73308,"comment_status":"open","ping_status":"closed","template":"","meta":[],"product_cat":[54,1158,1159],"product_tag":[645,1285,69],"class_list":{"0":"post-73307","1":"product","2":"type-product","3":"status-publish","4":"has-post-thumbnail","6":"product_cat-libros","7":"product_cat-por-temas","8":"product_cat-vida-cristiana","9":"product_tag-c-h-spurgeon","10":"product_tag-el-poder-de-las-escrituras","11":"product_tag-libro","13":"first","14":"instock","15":"shipping-taxable","16":"purchasable","17":"product-type-simple"},"_links":{"self":[{"href":"https:\/\/iglesiapalabrapura.com\/site\/wp-json\/wp\/v2\/product\/73307","targetHints":{"allow":["GET"]}}],"collection":[{"href":"https:\/\/iglesiapalabrapura.com\/site\/wp-json\/wp\/v2\/product"}],"about":[{"href":"https:\/\/iglesiapalabrapura.com\/site\/wp-json\/wp\/v2\/types\/product"}],"replies":[{"embeddable":true,"href":"https:\/\/iglesiapalabrapura.com\/site\/wp-json\/wp\/v2\/comments?post=73307"}],"wp:featuredmedia":[{"embeddable":true,"href":"https:\/\/iglesiapalabrapura.com\/site\/wp-json\/wp\/v2\/media\/73308"}],"wp:attachment":[{"href":"https:\/\/iglesiapalabrapura.com\/site\/wp-json\/wp\/v2\/media?parent=73307"}],"wp:term":[{"taxonomy":"product_cat","embeddable":true,"href":"https:\/\/iglesiapalabrapura.com\/site\/wp-json\/wp\/v2\/product_cat?post=73307"},{"taxonomy":"product_tag","embeddable":true,"href":"https:\/\/iglesiapalabrapura.com\/site\/wp-json\/wp\/v2\/product_tag?post=73307"}],"curies":[{"name":"wp","href":"https:\/\/api.w.org\/{rel}","templated":true}]}}