{"id":73997,"date":"2026-04-08T08:54:23","date_gmt":"2026-04-08T13:54:23","guid":{"rendered":"https:\/\/iglesiapalabrapura.com\/site\/?post_type=product&#038;p=73997"},"modified":"2026-04-08T08:57:19","modified_gmt":"2026-04-08T13:57:19","slug":"dos-tipos-de-justicia","status":"publish","type":"product","link":"https:\/\/iglesiapalabrapura.com\/site\/product\/dos-tipos-de-justicia\/","title":{"rendered":"Dos Tipos De Justicia"},"content":{"rendered":"","protected":false},"excerpt":{"rendered":"<p>\u00a1La elecci\u00f3n correcta proporciona recompensas, ahora y eternamente! El legendario maestro E. W. Kenyon describe la justicia b\u00edblica. La verdadera justicia es un regalo de Dios que significa la capacidad de estar en la presencia de \u00c9l sin temor y sin ning\u00fan sentimiento de culpa o de inferioridad. Esta justicia est\u00e1 a tu disposici\u00f3n ahora&#8230; si escoges correctamente. Entonces: Vencer\u00e1s el pecado y la tentaci\u00f3n. Recibir\u00e1s las bendiciones de Dios. Tendr\u00e1s acceso al poder del Esp\u00edritu Santo. Experimentar\u00e1s el profundo gozo de la comuni\u00f3n con Dios. Testificar\u00e1s poderosamente a otros. Desarrollar\u00e1s una fe que obra milagrosa. \u00a1La verdadera justicia puede ser tuya hoy!<\/p>\n","protected":false},"featured_media":73998,"comment_status":"open","ping_status":"closed","template":"","meta":[],"product_cat":[54,1158,1159],"product_tag":[1302,1301,362],"class_list":{"0":"post-73997","1":"product","2":"type-product","3":"status-publish","4":"has-post-thumbnail","6":"product_cat-libros","7":"product_cat-por-temas","8":"product_cat-vida-cristiana","9":"product_tag-dos-tipos-de-justicia","10":"product_tag-e-w-kenyon","11":"product_tag-libros","13":"first","14":"instock","15":"shipping-taxable","16":"purchasable","17":"product-type-simple"},"_links":{"self":[{"href":"https:\/\/iglesiapalabrapura.com\/site\/wp-json\/wp\/v2\/product\/73997","targetHints":{"allow":["GET"]}}],"collection":[{"href":"https:\/\/iglesiapalabrapura.com\/site\/wp-json\/wp\/v2\/product"}],"about":[{"href":"https:\/\/iglesiapalabrapura.com\/site\/wp-json\/wp\/v2\/types\/product"}],"replies":[{"embeddable":true,"href":"https:\/\/iglesiapalabrapura.com\/site\/wp-json\/wp\/v2\/comments?post=73997"}],"wp:featuredmedia":[{"embeddable":true,"href":"https:\/\/iglesiapalabrapura.com\/site\/wp-json\/wp\/v2\/media\/73998"}],"wp:attachment":[{"href":"https:\/\/iglesiapalabrapura.com\/site\/wp-json\/wp\/v2\/media?parent=73997"}],"wp:term":[{"taxonomy":"product_cat","embeddable":true,"href":"https:\/\/iglesiapalabrapura.com\/site\/wp-json\/wp\/v2\/product_cat?post=73997"},{"taxonomy":"product_tag","embeddable":true,"href":"https:\/\/iglesiapalabrapura.com\/site\/wp-json\/wp\/v2\/product_tag?post=73997"}],"curies":[{"name":"wp","href":"https:\/\/api.w.org\/{rel}","templated":true}]}}