{"id":73999,"date":"2026-04-08T08:58:59","date_gmt":"2026-04-08T13:58:59","guid":{"rendered":"https:\/\/iglesiapalabrapura.com\/site\/?post_type=product&#038;p=73999"},"modified":"2026-04-08T09:01:04","modified_gmt":"2026-04-08T14:01:04","slug":"declare-vida-palabras-que-obran-maravillas","status":"publish","type":"product","link":"https:\/\/iglesiapalabrapura.com\/site\/product\/declare-vida-palabras-que-obran-maravillas\/","title":{"rendered":"Declare Vida: Palabras que obran Maravillas"},"content":{"rendered":"","protected":false},"excerpt":{"rendered":"<p>Cuando usted est\u00e9 en acuerdo con las maravillosas promesas dadas en la Palabra de Dios, comenzar\u00e1 a cosechar los dones de Dios de amor, gozo, paz, salud y favor. Cuando declara esas promesas en voz alta a las vidas de otros, sus palabras pueden obrar maravillas.<\/p>\n<p>Ahora, E. W. Kenyon y Don Gossett unen fuerzas para edificar nuestra fe, ofreciendo sabidur\u00eda intemporal y desafi\u00e1ndonos a vivir una vida m\u00e1s valiente para Dios. Mediante el poder de Dios, los creyentes deber\u00edan ser capaces de vencer la adversidad y el pecado en \u00e1reas tales como finanzas, salud, matrimonio y otras relaciones, y emociones. \u00a1Hay poder en la sangre de Jes\u00fas para derrotar cualquier cosa y todo lo que el enemigo traiga contra usted!<\/p>\n<p>Tambi\u00e9n puede declarar palabras de vida a quienes est\u00e1n perdidos, sufren y tienen necesidad. Deje que fluya su compasi\u00f3n. Cuanto m\u00e1s valientes sean sus palabras de fe, mayores ser\u00e1n sus resultados.<\/p>\n","protected":false},"featured_media":74000,"comment_status":"open","ping_status":"closed","template":"","meta":[],"product_cat":[54,1158,1159],"product_tag":[1303,1301,362],"class_list":{"0":"post-73999","1":"product","2":"type-product","3":"status-publish","4":"has-post-thumbnail","6":"product_cat-libros","7":"product_cat-por-temas","8":"product_cat-vida-cristiana","9":"product_tag-declare-vida-palabras-que-obran-maravillas","10":"product_tag-e-w-kenyon","11":"product_tag-libros","13":"first","14":"instock","15":"shipping-taxable","16":"purchasable","17":"product-type-simple"},"_links":{"self":[{"href":"https:\/\/iglesiapalabrapura.com\/site\/wp-json\/wp\/v2\/product\/73999","targetHints":{"allow":["GET"]}}],"collection":[{"href":"https:\/\/iglesiapalabrapura.com\/site\/wp-json\/wp\/v2\/product"}],"about":[{"href":"https:\/\/iglesiapalabrapura.com\/site\/wp-json\/wp\/v2\/types\/product"}],"replies":[{"embeddable":true,"href":"https:\/\/iglesiapalabrapura.com\/site\/wp-json\/wp\/v2\/comments?post=73999"}],"wp:featuredmedia":[{"embeddable":true,"href":"https:\/\/iglesiapalabrapura.com\/site\/wp-json\/wp\/v2\/media\/74000"}],"wp:attachment":[{"href":"https:\/\/iglesiapalabrapura.com\/site\/wp-json\/wp\/v2\/media?parent=73999"}],"wp:term":[{"taxonomy":"product_cat","embeddable":true,"href":"https:\/\/iglesiapalabrapura.com\/site\/wp-json\/wp\/v2\/product_cat?post=73999"},{"taxonomy":"product_tag","embeddable":true,"href":"https:\/\/iglesiapalabrapura.com\/site\/wp-json\/wp\/v2\/product_tag?post=73999"}],"curies":[{"name":"wp","href":"https:\/\/api.w.org\/{rel}","templated":true}]}}