{"id":74014,"date":"2026-04-14T17:35:31","date_gmt":"2026-04-14T22:35:31","guid":{"rendered":"https:\/\/iglesiapalabrapura.com\/site\/?post_type=product&#038;p=74014"},"modified":"2026-04-14T17:38:21","modified_gmt":"2026-04-14T22:38:21","slug":"biblia-infografica-para-ninos-actividades","status":"publish","type":"product","link":"https:\/\/iglesiapalabrapura.com\/site\/product\/biblia-infografica-para-ninos-actividades\/","title":{"rendered":"Biblia Infogr\u00e1fica para ni\u00f1os &#8211; Actividades"},"content":{"rendered":"","protected":false},"excerpt":{"rendered":"<p>M\u00e1s de 100 superformidables actividades para ni\u00f1os \u00a1Aprendizaje y diversi\u00f3n en uno! No importa por d\u00f3nde empieces. \u00a1Te espera una experiencia incre\u00edble, donde la Biblia cobra vida de una manera completamente nueva!<\/p>\n","protected":false},"featured_media":74015,"comment_status":"open","ping_status":"closed","template":"","meta":[],"product_cat":[264,1167,1158],"product_tag":[549,206,362,192],"class_list":{"0":"post-74014","1":"product","2":"type-product","3":"status-publish","4":"has-post-thumbnail","6":"product_cat-infantil","7":"product_cat-ninos","8":"product_cat-por-temas","9":"product_tag-actividades","10":"product_tag-biblia-infografica-para-ninos","11":"product_tag-libros","12":"product_tag-ninos","14":"first","15":"instock","16":"shipping-taxable","17":"purchasable","18":"product-type-simple"},"_links":{"self":[{"href":"https:\/\/iglesiapalabrapura.com\/site\/wp-json\/wp\/v2\/product\/74014","targetHints":{"allow":["GET"]}}],"collection":[{"href":"https:\/\/iglesiapalabrapura.com\/site\/wp-json\/wp\/v2\/product"}],"about":[{"href":"https:\/\/iglesiapalabrapura.com\/site\/wp-json\/wp\/v2\/types\/product"}],"replies":[{"embeddable":true,"href":"https:\/\/iglesiapalabrapura.com\/site\/wp-json\/wp\/v2\/comments?post=74014"}],"wp:featuredmedia":[{"embeddable":true,"href":"https:\/\/iglesiapalabrapura.com\/site\/wp-json\/wp\/v2\/media\/74015"}],"wp:attachment":[{"href":"https:\/\/iglesiapalabrapura.com\/site\/wp-json\/wp\/v2\/media?parent=74014"}],"wp:term":[{"taxonomy":"product_cat","embeddable":true,"href":"https:\/\/iglesiapalabrapura.com\/site\/wp-json\/wp\/v2\/product_cat?post=74014"},{"taxonomy":"product_tag","embeddable":true,"href":"https:\/\/iglesiapalabrapura.com\/site\/wp-json\/wp\/v2\/product_tag?post=74014"}],"curies":[{"name":"wp","href":"https:\/\/api.w.org\/{rel}","templated":true}]}}