{"id":74016,"date":"2026-04-14T17:40:29","date_gmt":"2026-04-14T22:40:29","guid":{"rendered":"https:\/\/iglesiapalabrapura.com\/site\/?post_type=product&#038;p=74016"},"modified":"2026-04-14T17:42:59","modified_gmt":"2026-04-14T22:42:59","slug":"guia-de-exploradores-de-la-biblia-personas-y-lugares","status":"publish","type":"product","link":"https:\/\/iglesiapalabrapura.com\/site\/product\/guia-de-exploradores-de-la-biblia-personas-y-lugares\/","title":{"rendered":"Gu\u00eda De Exploradores De La Biblia Personas Y Lugares"},"content":{"rendered":"","protected":false},"excerpt":{"rendered":"<p>Del principal editor de la Biblia del mundo llega la Gu\u00eda de exploradores de la Biblia, personas y lugares, el recurso perfecto para los ni\u00f1os curiosos sobre personas y lugares de la Biblia.Repleto de datos divertidos y fotos, ilustraciones y mapas a todo color, este libro da vida a personajes y lugares b\u00edblicos clave como:? Las primeras personas: Ad\u00e1n y Eva? Reyes y reinas: el rey Salom\u00f3n y la reina de Saba? Guerreros: D\u00e9bora y Sans\u00f3n? Profetas: El\u00edas y Eliseo? El gigante y el peque\u00f1o: Goliat y David? El mundo antiguo? Jerusal\u00e9n? \u00a1Y m\u00e1s!Gu\u00eda de exploradores de la Biblia les fascinar\u00e1 a los ni\u00f1os de 8 a\u00f1os en adelante y es la referencia perfecta para lectores reacios y estudiantes visuales interesados en descubrir la historia de la Biblia y su gente.<\/p>\n","protected":false},"featured_media":74017,"comment_status":"open","ping_status":"closed","template":"","meta":[],"product_cat":[264,1167,1158],"product_tag":[1304,362,192],"class_list":{"0":"post-74016","1":"product","2":"type-product","3":"status-publish","4":"has-post-thumbnail","6":"product_cat-infantil","7":"product_cat-ninos","8":"product_cat-por-temas","9":"product_tag-guia-de-exploradores-de-la-biblia-personas-y-lugares","10":"product_tag-libros","11":"product_tag-ninos","13":"first","14":"instock","15":"shipping-taxable","16":"purchasable","17":"product-type-simple"},"_links":{"self":[{"href":"https:\/\/iglesiapalabrapura.com\/site\/wp-json\/wp\/v2\/product\/74016","targetHints":{"allow":["GET"]}}],"collection":[{"href":"https:\/\/iglesiapalabrapura.com\/site\/wp-json\/wp\/v2\/product"}],"about":[{"href":"https:\/\/iglesiapalabrapura.com\/site\/wp-json\/wp\/v2\/types\/product"}],"replies":[{"embeddable":true,"href":"https:\/\/iglesiapalabrapura.com\/site\/wp-json\/wp\/v2\/comments?post=74016"}],"wp:featuredmedia":[{"embeddable":true,"href":"https:\/\/iglesiapalabrapura.com\/site\/wp-json\/wp\/v2\/media\/74017"}],"wp:attachment":[{"href":"https:\/\/iglesiapalabrapura.com\/site\/wp-json\/wp\/v2\/media?parent=74016"}],"wp:term":[{"taxonomy":"product_cat","embeddable":true,"href":"https:\/\/iglesiapalabrapura.com\/site\/wp-json\/wp\/v2\/product_cat?post=74016"},{"taxonomy":"product_tag","embeddable":true,"href":"https:\/\/iglesiapalabrapura.com\/site\/wp-json\/wp\/v2\/product_tag?post=74016"}],"curies":[{"name":"wp","href":"https:\/\/api.w.org\/{rel}","templated":true}]}}