{"id":74018,"date":"2026-04-14T17:44:33","date_gmt":"2026-04-14T22:44:33","guid":{"rendered":"https:\/\/iglesiapalabrapura.com\/site\/?post_type=product&#038;p=74018"},"modified":"2026-04-14T17:46:36","modified_gmt":"2026-04-14T22:46:36","slug":"biblia-para-principiantes-primeras-100-palabras-de-la-biblia","status":"publish","type":"product","link":"https:\/\/iglesiapalabrapura.com\/site\/product\/biblia-para-principiantes-primeras-100-palabras-de-la-biblia\/","title":{"rendered":"Biblia para Principiantes, Primeras 100 Palabras de la Biblia"},"content":{"rendered":"","protected":false},"excerpt":{"rendered":"<p>\u00bfBuscas una forma divertida de ense\u00f1ar a tus hijos peque\u00f1itos acerca de la Biblia? Los primeros lectores aprender\u00e1n sus primeras palabras, en el marco de las historias b\u00edblicas cl\u00e1sicas con La Biblia para principiantes, Primeras 100 palabras de la Biblia. Este libro de cart\u00f3n bellamente ilustrado, que presenta im\u00e1genes de gran atractivo para los ni\u00f1os, ofrece: Dar a los lectores principiantes de 0 a 4 a\u00f1os la oportunidad de aprender palabras de las historias b\u00edblicas m\u00e1s queridas. Un formato resistente y perfecto para las manos peque\u00f1as de los ni\u00f1os. Atractivo arte en 3D con hermosos detalles para mantener la atenci\u00f3n de los peque\u00f1itos. La Biblia para principiantes, Primeras 100 palabras de la Biblia es ideal para: Cumplea\u00f1os, canastas de Pascua, bautismo, dedicaci\u00f3n y regalos de vacaciones. Viajes por carretera, para romper el aburrimiento y para el tiempo de actividades. Uso en la escuela, en casa y en el ministerio de ni\u00f1os (escuela dominical).La Biblia para principiantes ha sido la Biblia ilustrada favorita de ni\u00f1os y padres desde su lanzamiento, con m\u00e1s de 25 millones de productos vendidos en ingl\u00e9s y espa\u00f1ol.<\/p>\n","protected":false},"featured_media":74019,"comment_status":"open","ping_status":"closed","template":"","meta":[],"product_cat":[264,1167,1158],"product_tag":[1305,362,192,1306],"class_list":{"0":"post-74018","1":"product","2":"type-product","3":"status-publish","4":"has-post-thumbnail","6":"product_cat-infantil","7":"product_cat-ninos","8":"product_cat-por-temas","9":"product_tag-biblia-para-principiantes","10":"product_tag-libros","11":"product_tag-ninos","12":"product_tag-primeras-100-palabras-de-la-biblia","14":"first","15":"instock","16":"shipping-taxable","17":"purchasable","18":"product-type-simple"},"_links":{"self":[{"href":"https:\/\/iglesiapalabrapura.com\/site\/wp-json\/wp\/v2\/product\/74018","targetHints":{"allow":["GET"]}}],"collection":[{"href":"https:\/\/iglesiapalabrapura.com\/site\/wp-json\/wp\/v2\/product"}],"about":[{"href":"https:\/\/iglesiapalabrapura.com\/site\/wp-json\/wp\/v2\/types\/product"}],"replies":[{"embeddable":true,"href":"https:\/\/iglesiapalabrapura.com\/site\/wp-json\/wp\/v2\/comments?post=74018"}],"wp:featuredmedia":[{"embeddable":true,"href":"https:\/\/iglesiapalabrapura.com\/site\/wp-json\/wp\/v2\/media\/74019"}],"wp:attachment":[{"href":"https:\/\/iglesiapalabrapura.com\/site\/wp-json\/wp\/v2\/media?parent=74018"}],"wp:term":[{"taxonomy":"product_cat","embeddable":true,"href":"https:\/\/iglesiapalabrapura.com\/site\/wp-json\/wp\/v2\/product_cat?post=74018"},{"taxonomy":"product_tag","embeddable":true,"href":"https:\/\/iglesiapalabrapura.com\/site\/wp-json\/wp\/v2\/product_tag?post=74018"}],"curies":[{"name":"wp","href":"https:\/\/api.w.org\/{rel}","templated":true}]}}