{"id":74021,"date":"2026-04-14T17:50:58","date_gmt":"2026-04-14T22:50:58","guid":{"rendered":"https:\/\/iglesiapalabrapura.com\/site\/?post_type=product&#038;p=74021"},"modified":"2026-04-14T17:56:49","modified_gmt":"2026-04-14T22:56:49","slug":"la-maravilla-de-la-creacion","status":"publish","type":"product","link":"https:\/\/iglesiapalabrapura.com\/site\/product\/la-maravilla-de-la-creacion\/","title":{"rendered":"La Maravilla de la Creaci\u00f3n"},"content":{"rendered":"","protected":false},"excerpt":{"rendered":"<p>En este cautivador libro que da seguimiento al devocional para ni\u00f1os \u00a1Cu\u00e1n Grande es nuestro Dios!, el fundador del movimiento Passion Louie Giglio nos ofrece m\u00e1s hechos cient\u00edficos fascinantes y verdades b\u00edblicas que fomentan la fe sobre la maravilla de la creaci\u00f3n de Dios. En La maravilla de la creaci\u00f3n, los ni\u00f1os encontrar\u00e1n un nuevo deleite en la creatividad de Dios con 100 devocionales que exploran: Animales: desde p\u00e1jaros gu\u00edas de miel, hasta serpientes voladoras y rinocerontes blancos Espacio: desde agujeros negros hasta lunas volc\u00e1nicas y estallidos de rayos gamma Personas: desde ilusiones \u00f3pticas, hasta congelamiento cerebral y nuestro sistema inmunol\u00f3gico (incluyendo g\u00e9rmenes, virus y vacunas) Tierra: desde r\u00edos arco\u00edris y lava azul, hasta glaciares flotantes \u00a1Y mucho, mucho m\u00e1s! Con ilustraciones atractivas y fotograf\u00edas impactantes, este libro divertido e informativo es ideal para ni\u00f1os de 6 a 10 a\u00f1os. Cada uno de los 100 devocionales presenta un hecho cient\u00edfico o una actividad f\u00e1cil para explorar la fe, un breve vers\u00edculo b\u00edblico y una oraci\u00f3n para terminar. Con una cubierta en relieve brillante y un marcador de cinta, La maravilla de la creaci\u00f3n: Es ideal para ni\u00f1os amantes de la ciencia, ni\u00f1os amantes de la Biblia y cualquier ni\u00f1o listo para profundizar en la fe.Contin\u00faa una serie devocional muy querida de la cual se han vendido m\u00e1s de medio mill\u00f3n de ejemplares Es una gran adici\u00f3n a un plan de estudios CTIM, (Ciencia, tecnolog\u00eda, ingenier\u00eda y matem\u00e1ticas), de educaci\u00f3n en el hogar o una rutina de lectura para antes de dormir Mientras los ni\u00f1os se sumergen en este devocional impresionante, \u00a1se sorprender\u00e1n de las muchas maravillas que Dios ha hecho!<\/p>\n","protected":false},"featured_media":74022,"comment_status":"open","ping_status":"closed","template":"","meta":[],"product_cat":[264,1167,1158],"product_tag":[1307,362,192],"class_list":{"0":"post-74021","1":"product","2":"type-product","3":"status-publish","4":"has-post-thumbnail","6":"product_cat-infantil","7":"product_cat-ninos","8":"product_cat-por-temas","9":"product_tag-la-maravilla-de-la-creacion","10":"product_tag-libros","11":"product_tag-ninos","13":"first","14":"instock","15":"shipping-taxable","16":"purchasable","17":"product-type-simple"},"_links":{"self":[{"href":"https:\/\/iglesiapalabrapura.com\/site\/wp-json\/wp\/v2\/product\/74021","targetHints":{"allow":["GET"]}}],"collection":[{"href":"https:\/\/iglesiapalabrapura.com\/site\/wp-json\/wp\/v2\/product"}],"about":[{"href":"https:\/\/iglesiapalabrapura.com\/site\/wp-json\/wp\/v2\/types\/product"}],"replies":[{"embeddable":true,"href":"https:\/\/iglesiapalabrapura.com\/site\/wp-json\/wp\/v2\/comments?post=74021"}],"wp:featuredmedia":[{"embeddable":true,"href":"https:\/\/iglesiapalabrapura.com\/site\/wp-json\/wp\/v2\/media\/74022"}],"wp:attachment":[{"href":"https:\/\/iglesiapalabrapura.com\/site\/wp-json\/wp\/v2\/media?parent=74021"}],"wp:term":[{"taxonomy":"product_cat","embeddable":true,"href":"https:\/\/iglesiapalabrapura.com\/site\/wp-json\/wp\/v2\/product_cat?post=74021"},{"taxonomy":"product_tag","embeddable":true,"href":"https:\/\/iglesiapalabrapura.com\/site\/wp-json\/wp\/v2\/product_tag?post=74021"}],"curies":[{"name":"wp","href":"https:\/\/api.w.org\/{rel}","templated":true}]}}