{"id":74025,"date":"2026-04-14T17:59:58","date_gmt":"2026-04-14T22:59:58","guid":{"rendered":"https:\/\/iglesiapalabrapura.com\/site\/?post_type=product&#038;p=74025"},"modified":"2026-04-15T11:41:01","modified_gmt":"2026-04-15T16:41:01","slug":"colorea-la-biblia-animales-y-versiculos-biblicos-con-pegatinas","status":"publish","type":"product","link":"https:\/\/iglesiapalabrapura.com\/site\/product\/colorea-la-biblia-animales-y-versiculos-biblicos-con-pegatinas\/","title":{"rendered":"Colorea la Biblia &#8211; Animales y vers\u00edculos b\u00edblicos con Pegatinas"},"content":{"rendered":"","protected":false},"excerpt":{"rendered":"<p>\u00a1Reg\u00e1lales a tus hijos la oportunidad de disfrutar de este incre\u00edble libro de colorear! Este libro est\u00e1 dise\u00f1ado espec\u00edficamente para ayudar a los ni\u00f1os a conectarse con Dios de una manera divertida y creativa, ya que est\u00e1 lleno de ilustraciones preciosas y emocionantes actividades que inspirar\u00e1n y motivar\u00e1n a tus hijos a crecer en su fe. Incluye 72 p\u00e1ginas para colorear Una variedad de animales, letras y n\u00fameros para colorear M\u00e1s de 100 pegatinas para usar en el libro o en cualquier lugar que desees. Gran variedad de im\u00e1genes para explorar Promueve la creatividad y la imaginaci\u00f3n Aprender una gran variedad de vers\u00edculos de la Biblia Apto para todos los l\u00e1pices, rotuladores, acuarelas, etc. Se recomienda recortar las p\u00e1ginas para usar pinturas al agua y colorearlas por separado.<\/p>\n","protected":false},"featured_media":74026,"comment_status":"open","ping_status":"closed","template":"","meta":[],"product_cat":[264,1167,1158],"product_tag":[1309,192],"class_list":{"0":"post-74025","1":"product","2":"type-product","3":"status-publish","4":"has-post-thumbnail","6":"product_cat-infantil","7":"product_cat-ninos","8":"product_cat-por-temas","9":"product_tag-colorea-la-biblia-animales-y-versiculos-biblicos-con-pegatinas","10":"product_tag-ninos","12":"first","13":"instock","14":"shipping-taxable","15":"purchasable","16":"product-type-simple"},"_links":{"self":[{"href":"https:\/\/iglesiapalabrapura.com\/site\/wp-json\/wp\/v2\/product\/74025","targetHints":{"allow":["GET"]}}],"collection":[{"href":"https:\/\/iglesiapalabrapura.com\/site\/wp-json\/wp\/v2\/product"}],"about":[{"href":"https:\/\/iglesiapalabrapura.com\/site\/wp-json\/wp\/v2\/types\/product"}],"replies":[{"embeddable":true,"href":"https:\/\/iglesiapalabrapura.com\/site\/wp-json\/wp\/v2\/comments?post=74025"}],"wp:featuredmedia":[{"embeddable":true,"href":"https:\/\/iglesiapalabrapura.com\/site\/wp-json\/wp\/v2\/media\/74026"}],"wp:attachment":[{"href":"https:\/\/iglesiapalabrapura.com\/site\/wp-json\/wp\/v2\/media?parent=74025"}],"wp:term":[{"taxonomy":"product_cat","embeddable":true,"href":"https:\/\/iglesiapalabrapura.com\/site\/wp-json\/wp\/v2\/product_cat?post=74025"},{"taxonomy":"product_tag","embeddable":true,"href":"https:\/\/iglesiapalabrapura.com\/site\/wp-json\/wp\/v2\/product_tag?post=74025"}],"curies":[{"name":"wp","href":"https:\/\/api.w.org\/{rel}","templated":true}]}}