{"id":74037,"date":"2026-04-16T09:38:40","date_gmt":"2026-04-16T14:38:40","guid":{"rendered":"https:\/\/iglesiapalabrapura.com\/site\/?post_type=product&#038;p=74037"},"modified":"2026-04-16T09:58:29","modified_gmt":"2026-04-16T14:58:29","slug":"el-valle-de-los-huesos-secos-audio","status":"publish","type":"product","link":"https:\/\/iglesiapalabrapura.com\/site\/product\/el-valle-de-los-huesos-secos-audio\/","title":{"rendered":"EL VALLE DE LOS HUESOS SECOS (AUDIO)"},"content":{"rendered":"","protected":false},"excerpt":{"rendered":"<p>Sum\u00e9rgete en una ense\u00f1anza clara y poderosa basada en la visi\u00f3n que tuvo el Profeta Ezequiel sobre el valle de los huesos secos, una de las im\u00e1genes m\u00e1s impactantes de la Biblia. A trav\u00e9s de este mensaje, se revela c\u00f3mo esta visi\u00f3n no es solo una escena simb\u00f3lica, sino una palabra prof\u00e9tica que nos ayuda a entender el tiempo que estamos viviendo y el papel de Israel dentro de los planes de Dios.<\/p>\n<p>A lo largo de la ense\u00f1anza, se explican detalles clave de esta visi\u00f3n de manera sencilla y profunda, gui\u00e1ndote a descubrir su significado sin perder de vista su impacto espiritual. Es un mensaje que no solo ense\u00f1a, sino que tambi\u00e9n confronta, fortalece la fe y te permite ver los acontecimientos actuales desde una perspectiva B\u00edblica m\u00e1s clara.<\/p>\n<p>Ense\u00f1anza del a\u00f1o 2023<\/p>\n<p>&nbsp;<\/p>\n","protected":false},"featured_media":74035,"comment_status":"open","ping_status":"closed","template":"","meta":[],"product_cat":[52,841,1182],"product_tag":[1311,123,116,62],"class_list":{"0":"post-74037","1":"product","2":"type-product","3":"status-publish","4":"has-post-thumbnail","6":"product_cat-audioensenanza","7":"product_cat-adrianalemes","8":"product_cat-por-autor-audioensenanza","9":"product_tag-el-valle-de-los-huesos-secos","10":"product_tag-ensenanza","11":"product_tag-iglesia-palabra-pura","12":"product_tag-pastora-adriana-lemes","14":"first","15":"instock","16":"downloadable","17":"virtual","18":"purchasable","19":"product-type-simple"},"_links":{"self":[{"href":"https:\/\/iglesiapalabrapura.com\/site\/wp-json\/wp\/v2\/product\/74037","targetHints":{"allow":["GET"]}}],"collection":[{"href":"https:\/\/iglesiapalabrapura.com\/site\/wp-json\/wp\/v2\/product"}],"about":[{"href":"https:\/\/iglesiapalabrapura.com\/site\/wp-json\/wp\/v2\/types\/product"}],"replies":[{"embeddable":true,"href":"https:\/\/iglesiapalabrapura.com\/site\/wp-json\/wp\/v2\/comments?post=74037"}],"wp:featuredmedia":[{"embeddable":true,"href":"https:\/\/iglesiapalabrapura.com\/site\/wp-json\/wp\/v2\/media\/74035"}],"wp:attachment":[{"href":"https:\/\/iglesiapalabrapura.com\/site\/wp-json\/wp\/v2\/media?parent=74037"}],"wp:term":[{"taxonomy":"product_cat","embeddable":true,"href":"https:\/\/iglesiapalabrapura.com\/site\/wp-json\/wp\/v2\/product_cat?post=74037"},{"taxonomy":"product_tag","embeddable":true,"href":"https:\/\/iglesiapalabrapura.com\/site\/wp-json\/wp\/v2\/product_tag?post=74037"}],"curies":[{"name":"wp","href":"https:\/\/api.w.org\/{rel}","templated":true}]}}